{"id":2337,"date":"2023-11-24T14:37:04","date_gmt":"2023-11-24T19:37:04","guid":{"rendered":"https:\/\/identitequebec.ca\/?post_type=product&#038;p=2337"},"modified":"2023-12-04T15:56:52","modified_gmt":"2023-12-04T20:56:52","slug":"test-salivaire-pour-le-depistage-de-drogues-vericheck","status":"publish","type":"product","link":"https:\/\/identitequebec.ca\/en\/product\/test-salivaire-pour-le-depistage-de-drogues-vericheck\/","title":{"rendered":"Test salivaire pour le d\u00e9pistage de drogues VeriCheck"},"content":{"rendered":"<h3>Le test salivaire VeriCheck pour le d\u00e9pistage de drogues permet une d\u00e9tection qualitative (visuelle) de 11 drogues ou groupes de drogues, avec les seuils de d\u00e9tection suivants :<\/h3>\n<ul>\n<li>6-Monoac\u00e9tylmorphine (6-MAM) : 10 ng\/ml<\/li>\n<li>Amph\u00e9tamines (AMP) : 50 ng\/ml<\/li>\n<li>Coca\u00efne (COC) : 15 ng\/ml<\/li>\n<li>Fentanyl (FYL) : 10 ng\/ml<\/li>\n<li>Hydromorphone (HMO) : 30 ng\/ml<\/li>\n<li>M\u00e9thamph\u00e9tamine (MET) : 50 ng\/ml<\/li>\n<li>Ecstasy (MDMA) : 50 ng\/ml<\/li>\n<li>Oxycodone (OXY) : 30 ng\/ml<\/li>\n<li>Opiac\u00e9s (OPI) : 30 ng\/ml<\/li>\n<li>Phencyclidine (PCP) : 10 ng\/ml<\/li>\n<li>Cannabis (THC) : 10 ng\/ml<\/li>\n<\/ul>\n<h3>Caract\u00e9ristiques du test salivaire :<\/h3>\n<ul>\n<li>Comprend un \u00e9couvillon dot\u00e9 d&rsquo;un indicateur de saturation assurant une collecte ad\u00e9quate de salive.<\/li>\n<li>Le test est herm\u00e9tique et s\u00e9curis\u00e9 une fois l\u2019\u00e9couvillon verrouill\u00e9, pr\u00eat pour \u00e9limination ou rangement.<\/li>\n<li>R\u00e9sultats faciles \u00e0 interpr\u00e9ter.<\/li>\n<li>Le test reste scell\u00e9 apr\u00e8s utilisation.<\/li>\n<li>Test non invasif, sans pr\u00e9l\u00e8vement sanguin.<\/li>\n<li>Chaque test est emball\u00e9 individuellement et scell\u00e9.<\/li>\n<li>Usage unique.<\/li>\n<li>Chaque test comporte un num\u00e9ro de lot et une date d&rsquo;expiration (g\u00e9n\u00e9ralement 1 an apr\u00e8s achat).<\/li>\n<li>Conservation \u00e0 temp\u00e9rature ambiante (entre 15 et 30\u00b0C).<\/li>\n<\/ul>","protected":false},"excerpt":{"rendered":"<h2>Le test salivaire VeriCheck est con\u00e7u pour la d\u00e9tection de 11 substances<\/h2>\n<p>Il est adapt\u00e9 tant pour un usage personnel que professionnel, permettant aux entreprises de respecter leur politique interne concernant la consommation de drogues ou pour des situations telles que le retour au travail, les tests pr\u00e9alables \u00e0 l&#8217;embauche, entre autres.<\/p>\n<p>Il est essentiel de consulter attentivement les instructions avant d&rsquo;utiliser le test VeriCheck. L&rsquo;utilisation implique le frottement d&rsquo;un \u00e9couvillon \u00e0 l&rsquo;int\u00e9rieur de la bouche, conform\u00e9ment aux directives fournies, suivi de l&rsquo;interpr\u00e9tation des r\u00e9sultats.<\/p>\n<p>\u00c0 noter que d&rsquo;autres tests de d\u00e9pistage de drogues disponibles sur le march\u00e9 sont exclusivement r\u00e9serv\u00e9s \u00e0 des fins m\u00e9dico-l\u00e9gales, ce qui signifie qu&rsquo;ils sont utilis\u00e9s par les autorit\u00e9s judiciaires et ne sont pas destin\u00e9s \u00e0 un usage en milieu professionnel.<\/p>","protected":false},"featured_media":2351,"template":"","meta":[],"product_brand":[],"product_cat":[22],"product_tag":[],"class_list":{"0":"post-2337","1":"product","2":"type-product","3":"status-publish","4":"has-post-thumbnail","6":"product_cat-depistage-drogue","7":"entry","8":"has-media","10":"first","11":"instock","12":"taxable","13":"shipping-taxable","14":"purchasable","15":"product-type-simple"},"_links":{"self":[{"href":"https:\/\/identitequebec.ca\/en\/wp-json\/wp\/v2\/product\/2337","targetHints":{"allow":["GET"]}}],"collection":[{"href":"https:\/\/identitequebec.ca\/en\/wp-json\/wp\/v2\/product"}],"about":[{"href":"https:\/\/identitequebec.ca\/en\/wp-json\/wp\/v2\/types\/product"}],"wp:featuredmedia":[{"embeddable":true,"href":"https:\/\/identitequebec.ca\/en\/wp-json\/wp\/v2\/media\/2351"}],"wp:attachment":[{"href":"https:\/\/identitequebec.ca\/en\/wp-json\/wp\/v2\/media?parent=2337"}],"wp:term":[{"taxonomy":"product_brand","embeddable":true,"href":"https:\/\/identitequebec.ca\/en\/wp-json\/wp\/v2\/product_brand?post=2337"},{"taxonomy":"product_cat","embeddable":true,"href":"https:\/\/identitequebec.ca\/en\/wp-json\/wp\/v2\/product_cat?post=2337"},{"taxonomy":"product_tag","embeddable":true,"href":"https:\/\/identitequebec.ca\/en\/wp-json\/wp\/v2\/product_tag?post=2337"}],"curies":[{"name":"wp","href":"https:\/\/api.w.org\/{rel}","templated":true}]}}