{"id":278,"date":"2020-09-09T15:13:29","date_gmt":"2020-09-09T19:13:29","guid":{"rendered":"http:\/\/35.203.120.191\/?post_type=product&#038;p=278"},"modified":"2023-12-22T11:15:53","modified_gmt":"2023-12-22T16:15:53","slug":"detecteur-dalcool-avec-porte-cles-offert-en-plusieurs-couleurs-ethylometre-pour-entreprises","status":"publish","type":"product","link":"https:\/\/identitequebec.ca\/en\/product\/detecteur-dalcool-avec-porte-cles-offert-en-plusieurs-couleurs-ethylometre-pour-entreprises\/","title":{"rendered":"An alcohol detector (ethylometer) paired with a keychain that is available in several colors"},"content":{"rendered":"<p>Our Portable Alcohol Monitor with Keychain is a lightweight and compact alcohol monitor that fits in one hand and slips easily into a shirt pocket or purse. It is available in a variety of colors. It\u2019s one of the smallest breathalyzers on the market, measuring only 3.7 cm x 6.1 cm x 1.4 cm! Attaching to your keychain of choice, the monitor stays with you wherever you go.<\/p>\n<p>It works with the MicroCheck sensor technology and has a foldable nozzle to ensure a hygienic test.<\/p>","protected":false},"excerpt":{"rendered":"<p>Notre d\u00e9tecteur d\u2019alcool portatif avec porte-cl\u00e9s offert en plusieurs couleurs est un d\u00e9tecteur d\u2019alcool l\u00e9ger et compact qui tient dans une seule main et se glisse facilement dans la poche d\u2019une chemise ou un sac \u00e0 main. Il est l\u2019un des plus petits \u00e9thylotests sur le march\u00e9 puisqu\u2019il mesure seulement 3,7 cm x 6,2 cm x 1,4 cm! Encore plus int\u00e9ressant, il est toujours \u00e0 port\u00e9e de main car vos cl\u00e9s y sont attach\u00e9es. Il&hellip;<\/p>","protected":false},"featured_media":281,"template":"","meta":[],"product_brand":[],"product_cat":[21],"product_tag":[],"class_list":{"0":"post-278","1":"product","2":"type-product","3":"status-publish","4":"has-post-thumbnail","6":"product_cat-detecteur-dalcool","7":"entry","8":"has-media","10":"first","11":"instock","12":"taxable","13":"shipping-taxable","14":"purchasable","15":"product-type-variable"},"_links":{"self":[{"href":"https:\/\/identitequebec.ca\/en\/wp-json\/wp\/v2\/product\/278","targetHints":{"allow":["GET"]}}],"collection":[{"href":"https:\/\/identitequebec.ca\/en\/wp-json\/wp\/v2\/product"}],"about":[{"href":"https:\/\/identitequebec.ca\/en\/wp-json\/wp\/v2\/types\/product"}],"wp:featuredmedia":[{"embeddable":true,"href":"https:\/\/identitequebec.ca\/en\/wp-json\/wp\/v2\/media\/281"}],"wp:attachment":[{"href":"https:\/\/identitequebec.ca\/en\/wp-json\/wp\/v2\/media?parent=278"}],"wp:term":[{"taxonomy":"product_brand","embeddable":true,"href":"https:\/\/identitequebec.ca\/en\/wp-json\/wp\/v2\/product_brand?post=278"},{"taxonomy":"product_cat","embeddable":true,"href":"https:\/\/identitequebec.ca\/en\/wp-json\/wp\/v2\/product_cat?post=278"},{"taxonomy":"product_tag","embeddable":true,"href":"https:\/\/identitequebec.ca\/en\/wp-json\/wp\/v2\/product_tag?post=278"}],"curies":[{"name":"wp","href":"https:\/\/api.w.org\/{rel}","templated":true}]}}