{"id":279,"date":"2020-09-09T15:15:02","date_gmt":"2020-09-09T19:15:02","guid":{"rendered":"http:\/\/35.203.120.191\/?post_type=product&#038;p=279"},"modified":"2023-12-04T15:52:02","modified_gmt":"2023-12-04T20:52:02","slug":"t-cup-urinaire","status":"publish","type":"product","link":"https:\/\/identitequebec.ca\/en\/product\/t-cup-urinaire\/","title":{"rendered":"T Urinary Cup"},"content":{"rendered":"<p>This screening test also detects the following adulterants in the urine sample provided before the Urinary T Cup Test: Creatinine, Nitrite, Glutaraldehyde, pH, Density, Oxidants, Bleach and Pyridinium Chlorochromate.<\/p>\n<p>C&rsquo;est un test rapide, en une seule \u00e9tape, pour la d\u00e9tection qualitative de drogues psychoactives et de leurs principaux m\u00e9tabolites dansl\u2019urine, \u00e0 un seuil ded\u00e9tection sp\u00e9cifique.<\/p>\n<p>OPERATION<\/p>\n<p>The T Cup Urinary Rapid Screening Test is a competitive test to detect the presence of certain drugs in the urine. This urine screening test is performed using an absorbent chromatographic device in which drugs or their metabolites present in the sample compete with their respective conjugates to bind to a limited number of sites on the corresponding antibody-dyeing conjugate. During the test, the urine sample migrates upward by capillary action, mixes with the antibody-dye conjugate and passes through the pre-coated membrane. When concentration levels are at or above the target threshold, the substance binds to the antibody-dye conjugate, preventing the antibody-dye conjugate from binding to the pre-coated protein-drug complex in the test region (T). This prevents the development of a distinct colored band in the test region potentially indicating a positive result.<\/p>\n<p>When the specimen tested is at or below the target level (the detection sensitivity of the test), the antibody-dye conjugate binds to the pre-coated drug-protein complex in the test region (T) of the device. This results in a colored line, which, regardless of its intensity, will show a negative result.<\/p>\n<p>The test also detects the presence of adulterants in the sample such as nitrite, glutaraldehyde, bleach, pyridinium chlorochromate and other oxidizing agents. Additionally, the test determines whether the sample is contaminated with acidic (vinegar) or basic (ammonia) adulterants, depending on the pH indicator.<\/p>\n<p>- Detection of 14 drugs or families of drugs: amphetamines,<br \/>\ntricyclic antidepressants, barbiturates, benzodiazepines,<br \/>\nbuprenorphine, cannabis, cocaine, ecstasy, methadone,<br \/>\nmethamphetamines, opiates, oxycodone, phencyclidine (PCP) and<br \/>\npropoxyphene.<br \/>\n- Detection of 3 types of adulterants: pH-modifiers, oxidants and<br \/>\nbleaching agents, density modifiers.<br \/>\n- Fast and accurate<br \/>\n- Economically-priced<br \/>\n- No cheating is possible because the sample can be taken in front of a witness.<br \/>\n- Results obtained within 5 minutes<br \/>\n&#8211; Indicateur de temp\u00e9rature de l&rsquo;\u00e9chantillon d&rsquo;urine<br \/>\n- Waterproof cover<br \/>\n&#8211; Ne n\u00e9cessite pas de frais d&rsquo;analyse externe<\/p>","protected":false},"excerpt":{"rendered":"<p>Ce test de d\u00e9pistage permet \u00e9galement de d\u00e9tecter les adult\u00e9rants suivants dans l\u2019\u00e9chantillon d\u2019urine fourni avant le test T Cup Urinaire : Cr\u00e9atinine, Nitrite, Glutarald\u00e9hyde, pH, Densit\u00e9, Oxydants, Eau dejavel et Chlorochromate de Pyridinium. C&rsquo;est un test rapide, en une seule \u00e9tape, pour la d\u00e9tection qualitative de drogues psychoactives et de leurs principaux m\u00e9tabolites dansl\u2019urine, \u00e0 un seuil ded\u00e9tection sp\u00e9cifique. FONCTIONNEMENT Le test de d\u00e9pistage urinaire rapide T Cup Urinaire est un test de dosage&hellip;<\/p>","protected":false},"featured_media":280,"template":"","meta":[],"product_brand":[],"product_cat":[22],"product_tag":[],"class_list":{"0":"post-279","1":"product","2":"type-product","3":"status-publish","4":"has-post-thumbnail","6":"product_cat-depistage-drogue","7":"entry","8":"has-media","10":"first","11":"instock","12":"taxable","13":"shipping-taxable","14":"purchasable","15":"product-type-simple"},"_links":{"self":[{"href":"https:\/\/identitequebec.ca\/en\/wp-json\/wp\/v2\/product\/279","targetHints":{"allow":["GET"]}}],"collection":[{"href":"https:\/\/identitequebec.ca\/en\/wp-json\/wp\/v2\/product"}],"about":[{"href":"https:\/\/identitequebec.ca\/en\/wp-json\/wp\/v2\/types\/product"}],"wp:featuredmedia":[{"embeddable":true,"href":"https:\/\/identitequebec.ca\/en\/wp-json\/wp\/v2\/media\/280"}],"wp:attachment":[{"href":"https:\/\/identitequebec.ca\/en\/wp-json\/wp\/v2\/media?parent=279"}],"wp:term":[{"taxonomy":"product_brand","embeddable":true,"href":"https:\/\/identitequebec.ca\/en\/wp-json\/wp\/v2\/product_brand?post=279"},{"taxonomy":"product_cat","embeddable":true,"href":"https:\/\/identitequebec.ca\/en\/wp-json\/wp\/v2\/product_cat?post=279"},{"taxonomy":"product_tag","embeddable":true,"href":"https:\/\/identitequebec.ca\/en\/wp-json\/wp\/v2\/product_tag?post=279"}],"curies":[{"name":"wp","href":"https:\/\/api.w.org\/{rel}","templated":true}]}}