{"id":282,"date":"2020-09-09T15:17:46","date_gmt":"2020-09-09T19:17:46","guid":{"rendered":"http:\/\/35.203.120.191\/?post_type=product&#038;p=282"},"modified":"2023-12-04T15:51:52","modified_gmt":"2023-12-04T20:51:52","slug":"bactrack-mobile-ethylotest-detecteur-dalcool-personnel","status":"publish","type":"product","link":"https:\/\/identitequebec.ca\/en\/product\/bactrack-mobile-ethylotest-detecteur-dalcool-personnel\/","title":{"rendered":"BACtrack Mobile \u00c9thylotest (d\u00e9tecteur d&rsquo;alcool) personnel"},"content":{"rendered":"<p>The BACtrack Mobile breathalyzer is an alcohol sensor with an application in English and French that connects via Bluetooth to Android phones and tablets with versions 4.3 and higher as well as with Apple phones (iPhone and iPad) with versions 4S and higher. In just a few seconds, the BACtrack Mobile allows you to view your alcohol level on the screen of your favorite device!<\/p>\n<p>The BACtrack Mobile works with Xtend sensor technology \u2014 the same type of sensor found in devices used by police officers. It allows you to evaluate the time it will take for your alcohol level to return to 0. It stores your tests in memory and you can add photos, notes and other information to your tests.<\/p>","protected":false},"excerpt":{"rendered":"<p>L\u2019\u00c9thylom\u00e8tre BACtrack Mobile est un d\u00e9tecteur d\u2019alcool avec une application en fran\u00e7ais et en anglais qui se branche par une connexion Bluetooth aux t\u00e9l\u00e9phones et tablettes Android de versions 4.3 et plus r\u00e9centes ainsi qu\u2019\u00e0 ceux de marque Apple (iPhone et iPad) de versions 4S et plus r\u00e9centes. L\u2019\u00e9thylom\u00e8tre BACtrack Mobile pour iPhone ou Android vous permet donc de visualiser votre taux d\u2019alcool \u00e0 l\u2019\u00e9cran de votre appareil pr\u00e9f\u00e9r\u00e9, et ce, en quelques secondes seulement!&hellip;<\/p>","protected":false},"featured_media":283,"template":"","meta":[],"product_brand":[],"product_cat":[21],"product_tag":[],"class_list":{"0":"post-282","1":"product","2":"type-product","3":"status-publish","4":"has-post-thumbnail","6":"product_cat-detecteur-dalcool","7":"entry","8":"has-media","10":"first","11":"instock","12":"taxable","13":"shipping-taxable","14":"purchasable","15":"product-type-simple"},"_links":{"self":[{"href":"https:\/\/identitequebec.ca\/en\/wp-json\/wp\/v2\/product\/282","targetHints":{"allow":["GET"]}}],"collection":[{"href":"https:\/\/identitequebec.ca\/en\/wp-json\/wp\/v2\/product"}],"about":[{"href":"https:\/\/identitequebec.ca\/en\/wp-json\/wp\/v2\/types\/product"}],"wp:featuredmedia":[{"embeddable":true,"href":"https:\/\/identitequebec.ca\/en\/wp-json\/wp\/v2\/media\/283"}],"wp:attachment":[{"href":"https:\/\/identitequebec.ca\/en\/wp-json\/wp\/v2\/media?parent=282"}],"wp:term":[{"taxonomy":"product_brand","embeddable":true,"href":"https:\/\/identitequebec.ca\/en\/wp-json\/wp\/v2\/product_brand?post=282"},{"taxonomy":"product_cat","embeddable":true,"href":"https:\/\/identitequebec.ca\/en\/wp-json\/wp\/v2\/product_cat?post=282"},{"taxonomy":"product_tag","embeddable":true,"href":"https:\/\/identitequebec.ca\/en\/wp-json\/wp\/v2\/product_tag?post=282"}],"curies":[{"name":"wp","href":"https:\/\/api.w.org\/{rel}","templated":true}]}}