{"id":289,"date":"2020-09-09T15:49:29","date_gmt":"2020-09-09T19:49:29","guid":{"rendered":"http:\/\/35.203.120.191\/?post_type=product&#038;p=289"},"modified":"2024-10-31T13:30:49","modified_gmt":"2024-10-31T17:30:49","slug":"apc-90-ethylotest-detecteur-dalcool-personnel","status":"publish","type":"product","link":"https:\/\/identitequebec.ca\/en\/product\/apc-90-ethylotest-detecteur-dalcool-personnel\/","title":{"rendered":"APC-90 \u00c9thylotest (d\u00e9tecteur d&rsquo;alcool) personnel"},"content":{"rendered":"<p>The APC-90 breathalyzer is top-rated by our customers as well as several independent magazines. This breathalyzer detects alcohol with its premium sensor \u2014 similar to those used by police officers. It offers a test counter and even stores the last 5 tests in memory. It\u2019s also equipped with a low battery indicator, an automatic audible alarm when the measurement is above 0.05% and a cigarette lighter socket for charging.<\/p>","protected":false},"excerpt":{"rendered":"<p>L\u2019\u00c9thylotest APC-90, un de nos meilleurs d\u00e9tecteurs d\u2019alcool est reconnu comme choix num\u00e9ro 1 par notre client\u00e8le et \u00e9galement par plusieurs magazines ind\u00e9pendants L\u2019\u00e9thylotest APC-90 est un d\u00e9tecteur d\u2019alcool qui poss\u00e8de un senseur \u00ab premium \u00bb de la plus haute qualit\u00e9, similaire \u00e0 ceux retrouv\u00e9s dans les appareils utilis\u00e9s par les policiers. Il offre un compteur de tests et garde en m\u00e9moire les 5 derniers. De plus, il est muni d\u2019un indicateur de faible pile,&hellip;<\/p>","protected":false},"featured_media":290,"template":"","meta":[],"product_brand":[],"product_cat":[21],"product_tag":[],"class_list":{"0":"post-289","1":"product","2":"type-product","3":"status-publish","4":"has-post-thumbnail","6":"product_cat-detecteur-dalcool","7":"entry","8":"has-media","10":"first","11":"instock","12":"taxable","13":"shipping-taxable","14":"purchasable","15":"product-type-simple"},"_links":{"self":[{"href":"https:\/\/identitequebec.ca\/en\/wp-json\/wp\/v2\/product\/289","targetHints":{"allow":["GET"]}}],"collection":[{"href":"https:\/\/identitequebec.ca\/en\/wp-json\/wp\/v2\/product"}],"about":[{"href":"https:\/\/identitequebec.ca\/en\/wp-json\/wp\/v2\/types\/product"}],"wp:featuredmedia":[{"embeddable":true,"href":"https:\/\/identitequebec.ca\/en\/wp-json\/wp\/v2\/media\/290"}],"wp:attachment":[{"href":"https:\/\/identitequebec.ca\/en\/wp-json\/wp\/v2\/media?parent=289"}],"wp:term":[{"taxonomy":"product_brand","embeddable":true,"href":"https:\/\/identitequebec.ca\/en\/wp-json\/wp\/v2\/product_brand?post=289"},{"taxonomy":"product_cat","embeddable":true,"href":"https:\/\/identitequebec.ca\/en\/wp-json\/wp\/v2\/product_cat?post=289"},{"taxonomy":"product_tag","embeddable":true,"href":"https:\/\/identitequebec.ca\/en\/wp-json\/wp\/v2\/product_tag?post=289"}],"curies":[{"name":"wp","href":"https:\/\/api.w.org\/{rel}","templated":true}]}}