{"id":291,"date":"2020-09-09T15:51:03","date_gmt":"2020-09-09T19:51:03","guid":{"rendered":"http:\/\/35.203.120.191\/?post_type=product&#038;p=291"},"modified":"2023-12-04T15:51:34","modified_gmt":"2023-12-04T20:51:34","slug":"bactrack-go-detecteur-dalcool-ethylometre-personnel","status":"publish","type":"product","link":"https:\/\/identitequebec.ca\/en\/product\/bactrack-go-detecteur-dalcool-ethylometre-personnel\/","title":{"rendered":"BACtrack Go personal alcohol detector (breathalyzer)"},"content":{"rendered":"<p>The BACtrack Go is a lightweight, compact, and portable alcohol sensor that fits in one hand and slips easily into a shirt pocket or purse. It\u2019s one of the smallest breathalyzers on the market, measuring only 3.7 cm x 6.1 cm x 1.4 cm! Attaching to your keychain of choice, the BACtrack stays with you wherever you go. It works with the MicroCheck sensor technology and has a foldable nozzle to ensure a hygienic test.<\/p>","protected":false},"excerpt":{"rendered":"<p>L\u2019\u00c9thylom\u00e8tre BACtrack Go est un d\u00e9tecteur d\u2019alcool portatif, petit, l\u00e9ger et compact qui tient dans une seule main et se glisse facilement dans la poche d\u2019une chemise ou un sac \u00e0 main. Il est l\u2019un des plus petits \u00e9thylotests sur le march\u00e9 puisqu\u2019il mesure seulement 3,7 cm x 6,1 cm x 1,4 cm! Encore plus int\u00e9ressant, il est toujours \u00e0 port\u00e9e de main car nos cl\u00e9s y sont attach\u00e9es. Il fonctionne avec la technologie de&hellip;<\/p>","protected":false},"featured_media":292,"template":"","meta":[],"product_brand":[],"product_cat":[21],"product_tag":[],"class_list":{"0":"post-291","1":"product","2":"type-product","3":"status-publish","4":"has-post-thumbnail","6":"product_cat-detecteur-dalcool","7":"entry","8":"has-media","10":"first","11":"instock","12":"taxable","13":"shipping-taxable","14":"purchasable","15":"product-type-simple"},"_links":{"self":[{"href":"https:\/\/identitequebec.ca\/en\/wp-json\/wp\/v2\/product\/291","targetHints":{"allow":["GET"]}}],"collection":[{"href":"https:\/\/identitequebec.ca\/en\/wp-json\/wp\/v2\/product"}],"about":[{"href":"https:\/\/identitequebec.ca\/en\/wp-json\/wp\/v2\/types\/product"}],"wp:featuredmedia":[{"embeddable":true,"href":"https:\/\/identitequebec.ca\/en\/wp-json\/wp\/v2\/media\/292"}],"wp:attachment":[{"href":"https:\/\/identitequebec.ca\/en\/wp-json\/wp\/v2\/media?parent=291"}],"wp:term":[{"taxonomy":"product_brand","embeddable":true,"href":"https:\/\/identitequebec.ca\/en\/wp-json\/wp\/v2\/product_brand?post=291"},{"taxonomy":"product_cat","embeddable":true,"href":"https:\/\/identitequebec.ca\/en\/wp-json\/wp\/v2\/product_cat?post=291"},{"taxonomy":"product_tag","embeddable":true,"href":"https:\/\/identitequebec.ca\/en\/wp-json\/wp\/v2\/product_tag?post=291"}],"curies":[{"name":"wp","href":"https:\/\/api.w.org\/{rel}","templated":true}]}}